{"id":65,"date":"2023-11-30T14:37:27","date_gmt":"2023-11-30T13:37:27","guid":{"rendered":"https:\/\/hammelplast.dk\/hammel-plast\/"},"modified":"2024-10-31T14:59:08","modified_gmt":"2024-10-31T13:59:08","slug":"hammel-plast","status":"publish","type":"page","link":"https:\/\/hammelplast.dk\/en\/","title":{"rendered":"Hammel Plast"},"content":{"rendered":"<p>[et_pb_section fb_built=&#8221;1&#8243; module_id=&#8221;front&#8221; _builder_version=&#8221;4.23&#8243; _module_preset=&#8221;default&#8221; custom_padding=&#8221;0px||0px||false|false&#8221; global_colors_info=&#8221;{}&#8221;][et_pb_row _builder_version=&#8221;4.23&#8243; _module_preset=&#8221;default&#8221; width=&#8221;100%&#8221; max_width=&#8221;100%&#8221; custom_padding=&#8221;0px||0px||false|false&#8221; global_colors_info=&#8221;{}&#8221;][et_pb_column type=&#8221;4_4&#8243; _builder_version=&#8221;4.23&#8243; _module_preset=&#8221;default&#8221; global_colors_info=&#8221;{}&#8221;][et_pb_slider use_bg_overlay=&#8221;off&#8221; _builder_version=&#8221;4.23&#8243; _module_preset=&#8221;default&#8221; global_colors_info=&#8221;{}&#8221;][et_pb_slide heading=&#8221;The future of plastic production begins here &#8221; button_text=&#8221;Get a quote&#8221; button_link=&#8221;@ET-DC@eyJkeW5hbWljIjp0cnVlLCJjb250ZW50IjoicG9zdF9saW5rX3VybF9wYWdlIiwic2V0dGluZ3MiOnsicG9zdF9pZCI6IjI3In19@&#8221; use_bg_overlay=&#8221;on&#8221; bg_overlay_color=&#8221;rgba(80,110,162,0.4)&#8221; _builder_version=&#8221;4.23&#8243; _dynamic_attributes=&#8221;button_link&#8221; _module_preset=&#8221;default&#8221; use_background_color_gradient=&#8221;on&#8221; background_color_gradient_stops=&#8221;#202e47 41%|#506ea2 100%&#8221; background_enable_image=&#8221;off&#8221; background_blend=&#8221;multiply&#8221; background_video_mp4=&#8221;https:\/\/hammelplast.dk\/wp-content\/uploads\/2024\/09\/Hero_v.01.mp4&#8243; background_enable_video_mp4=&#8221;on&#8221; text_orientation=&#8221;left&#8221; global_colors_info=&#8221;{}&#8221; sticky_transition=&#8221;on&#8221;]We produce plastic components with respect for the environment &#8211;<br \/>\nwithout compromising our high-quality standards.[\/et_pb_slide][\/et_pb_slider][\/et_pb_column][\/et_pb_row][\/et_pb_section][et_pb_section fb_built=&#8221;1&#8243; _builder_version=&#8221;4.23&#8243; _module_preset=&#8221;default&#8221; global_colors_info=&#8221;{}&#8221;][et_pb_row module_class=&#8221;et_pb_animation_bottom et-animated et-waypoint&#8221; _builder_version=&#8221;4.23&#8243; _module_preset=&#8221;default&#8221; max_width=&#8221;880px&#8221; global_colors_info=&#8221;{}&#8221;][et_pb_column type=&#8221;4_4&#8243; _builder_version=&#8221;4.23&#8243; _module_preset=&#8221;default&#8221; global_colors_info=&#8221;{}&#8221;][et_pb_text module_class=&#8221;largest-text&#8221; _builder_version=&#8221;4.23&#8243; _module_preset=&#8221;default&#8221; text_orientation=&#8221;center&#8221; global_colors_info=&#8221;{}&#8221;]We take our responsibility towards the future seriously, and we are committed to always prioritizing environmental considerations.<\/p>\n<p>Driven by curiosity for the future, we seek to collaborate with customers who bring new, innovative ideas. Together, we can achieve the extraordinary.[\/et_pb_text][\/et_pb_column][\/et_pb_row][\/et_pb_section][et_pb_section fb_built=&#8221;1&#8243; _builder_version=&#8221;4.23&#8243; _module_preset=&#8221;default&#8221; custom_padding=&#8221;0px|||||&#8221; global_colors_info=&#8221;{}&#8221;][et_pb_row column_structure=&#8221;1_2,1_2&#8243; module_id=&#8221;we-offer&#8221; module_class=&#8221;et_pb_animation_bottom et-animated et-waypoint&#8221; _builder_version=&#8221;4.23&#8243; _module_preset=&#8221;default&#8221; custom_padding=&#8221;0px|||||&#8221; global_colors_info=&#8221;{}&#8221;][et_pb_column type=&#8221;1_2&#8243; _builder_version=&#8221;4.23&#8243; _dynamic_attributes=&#8221;link_option_url&#8221; _module_preset=&#8221;default&#8221; background_color=&#8221;rgba(0,0,0,0.3)&#8221; background_image=&#8221;https:\/\/hammelplast.dk\/wp-content\/uploads\/2024\/10\/Hammel-plast-13.jpg&#8221; background_blend=&#8221;multiply&#8221; link_option_url=&#8221;@ET-DC@eyJkeW5hbWljIjp0cnVlLCJjb250ZW50IjoicG9zdF9saW5rX3VybF9wYWdlIiwic2V0dGluZ3MiOnsicG9zdF9pZCI6IjM2In19@&#8221; global_colors_info=&#8221;{}&#8221;][et_pb_text module_class=&#8221;pre-headline&#8221; _builder_version=&#8221;4.23&#8243; _module_preset=&#8221;default&#8221; text_orientation=&#8221;center&#8221; background_layout=&#8221;dark&#8221; custom_margin=&#8221;||5px||false|false&#8221; global_colors_info=&#8221;{}&#8221;]<\/p>\n<p>We offer<\/p>\n<p>[\/et_pb_text][et_pb_text _builder_version=&#8221;4.23&#8243; _module_preset=&#8221;default&#8221; text_orientation=&#8221;center&#8221; background_layout=&#8221;dark&#8221; global_colors_info=&#8221;{}&#8221;]<\/p>\n<h4>Injection Molding<\/h4>\n<p>[\/et_pb_text][\/et_pb_column][et_pb_column type=&#8221;1_2&#8243; _builder_version=&#8221;4.23&#8243; _dynamic_attributes=&#8221;link_option_url&#8221; _module_preset=&#8221;default&#8221; background_color=&#8221;rgba(0,0,0,0.3)&#8221; background_image=&#8221;https:\/\/hammelplast.dk\/wp-content\/uploads\/2024\/10\/Hammel-plast-21.jpg&#8221; background_blend=&#8221;multiply&#8221; link_option_url=&#8221;@ET-DC@eyJkeW5hbWljIjp0cnVlLCJjb250ZW50IjoicG9zdF9saW5rX3VybF9wYWdlIiwic2V0dGluZ3MiOnsicG9zdF9pZCI6IjM4In19@&#8221; global_colors_info=&#8221;{}&#8221;][et_pb_text module_class=&#8221;pre-headline&#8221; _builder_version=&#8221;4.23&#8243; _module_preset=&#8221;default&#8221; text_orientation=&#8221;center&#8221; background_layout=&#8221;dark&#8221; custom_margin=&#8221;||5px||false|false&#8221; global_colors_info=&#8221;{}&#8221;]<\/p>\n<p>We offer<\/p>\n<p>[\/et_pb_text][et_pb_text _builder_version=&#8221;4.23&#8243; _module_preset=&#8221;default&#8221; text_orientation=&#8221;center&#8221; background_layout=&#8221;dark&#8221; global_colors_info=&#8221;{}&#8221;]<\/p>\n<h4>Tool manufacturing<\/h4>\n<p>[\/et_pb_text][\/et_pb_column][\/et_pb_row][\/et_pb_section][et_pb_section fb_built=&#8221;1&#8243; _builder_version=&#8221;4.23&#8243; _module_preset=&#8221;default&#8221; custom_padding=&#8221;||0px||false|false&#8221; global_colors_info=&#8221;{}&#8221;][et_pb_row column_structure=&#8221;1_3,2_3&#8243; module_class=&#8221;et_pb_animation_bottom et-animated et-waypoint&#8221; _builder_version=&#8221;4.23&#8243; _module_preset=&#8221;default&#8221; custom_padding=&#8221;0px|||||&#8221; global_colors_info=&#8221;{}&#8221;][et_pb_column type=&#8221;1_3&#8243; _builder_version=&#8221;4.23&#8243; _module_preset=&#8221;default&#8221; global_colors_info=&#8221;{}&#8221;][et_pb_text module_class=&#8221;pre-headline&#8221; _builder_version=&#8221;4.23&#8243; _module_preset=&#8221;default&#8221; global_colors_info=&#8221;{}&#8221;]<\/p>\n<p>Some of our customers<\/p>\n<p>[\/et_pb_text][et_pb_text _builder_version=&#8221;4.23&#8243; _module_preset=&#8221;default&#8221; global_colors_info=&#8221;{}&#8221;]Over the years, we have assisted many different companies across a wide range of industries.<\/p>\n<p>Shall we help you too?[\/et_pb_text][\/et_pb_column][et_pb_column type=&#8221;2_3&#8243; _builder_version=&#8221;4.23&#8243; _module_preset=&#8221;default&#8221; global_colors_info=&#8221;{}&#8221;][et_pb_image src=&#8221;https:\/\/hammelplast.dk\/wp-content\/uploads\/2024\/10\/3PART.png&#8221; title_text=&#8221;3PART&#8221; url=&#8221;https:\/\/3part.dk\/&#8221; url_new_window=&#8221;on&#8221; module_class=&#8221;logo&#8221; _builder_version=&#8221;4.23&#8243; _module_preset=&#8221;default&#8221; global_colors_info=&#8221;{}&#8221;][\/et_pb_image][et_pb_image src=&#8221;https:\/\/hammelplast.dk\/wp-content\/uploads\/2024\/10\/Aeropak.png&#8221; title_text=&#8221;Aeropak&#8221; url=&#8221;https:\/\/aeropak.dk\/velkommen\/&#8221; url_new_window=&#8221;on&#8221; module_class=&#8221;logo&#8221; _builder_version=&#8221;4.23&#8243; _module_preset=&#8221;default&#8221; global_colors_info=&#8221;{}&#8221;][\/et_pb_image][et_pb_image src=&#8221;https:\/\/hammelplast.dk\/wp-content\/uploads\/2024\/10\/Bayer.png&#8221; title_text=&#8221;Bayer&#8221; url=&#8221;https:\/\/www.bayer.com\/en\/&#8221; url_new_window=&#8221;on&#8221; module_class=&#8221;logo round&#8221; _builder_version=&#8221;4.23&#8243; _module_preset=&#8221;default&#8221; global_colors_info=&#8221;{}&#8221;][\/et_pb_image][et_pb_image src=&#8221;https:\/\/hammelplast.dk\/wp-content\/uploads\/2024\/10\/Jysk-Barberblade-Fabrik.png&#8221; title_text=&#8221;Jysk Barberblade-Fabrik&#8221; url=&#8221;https:\/\/jbf.dk\/da\/&#8221; url_new_window=&#8221;on&#8221; module_class=&#8221;logo round&#8221; _builder_version=&#8221;4.23&#8243; _module_preset=&#8221;default&#8221; global_colors_info=&#8221;{}&#8221;][\/et_pb_image][et_pb_image src=&#8221;https:\/\/hammelplast.dk\/wp-content\/uploads\/2024\/10\/OSAA-Innovation-1.png&#8221; title_text=&#8221;OSAA Innovation&#8221; url=&#8221;https:\/\/www.osaainnovation.com\/&#8221; url_new_window=&#8221;on&#8221; module_class=&#8221;logo&#8221; _builder_version=&#8221;4.23&#8243; _module_preset=&#8221;default&#8221; global_colors_info=&#8221;{}&#8221;][\/et_pb_image][et_pb_image src=&#8221;https:\/\/hammelplast.dk\/wp-content\/uploads\/2024\/10\/VOLA.png&#8221; title_text=&#8221;VOLA&#8221; url=&#8221;https:\/\/dk.vola.com\/&#8221; url_new_window=&#8221;on&#8221; module_class=&#8221;logo vola&#8221; _builder_version=&#8221;4.23&#8243; _module_preset=&#8221;default&#8221; width=&#8221;100%&#8221; global_colors_info=&#8221;{}&#8221;][\/et_pb_image][et_pb_image src=&#8221;https:\/\/hammelplast.dk\/wp-content\/uploads\/2024\/10\/Agilera_af414c0384e95b862de29d03101ab8f6.png&#8221; title_text=&#8221;Agilera_af414c0384e95b862de29d03101ab8f6&#8243; url=&#8221;https:\/\/agilera.no\/&#8221; url_new_window=&#8221;on&#8221; module_class=&#8221;logo&#8221; _builder_version=&#8221;4.23&#8243; _module_preset=&#8221;default&#8221; global_colors_info=&#8221;{}&#8221;][\/et_pb_image][\/et_pb_column][\/et_pb_row][\/et_pb_section][et_pb_section fb_built=&#8221;1&#8243; _builder_version=&#8221;4.23&#8243; _module_preset=&#8221;default&#8221; global_colors_info=&#8221;{}&#8221;][et_pb_row column_structure=&#8221;1_3,1_3,1_3&#8243; make_equal=&#8221;on&#8221; _builder_version=&#8221;4.23&#8243; _module_preset=&#8221;default&#8221; custom_padding=&#8221;0px|||||&#8221; global_colors_info=&#8221;{}&#8221;][et_pb_column type=&#8221;1_3&#8243; module_class=&#8221;align-end&#8221; _builder_version=&#8221;4.23&#8243; _module_preset=&#8221;default&#8221; global_colors_info=&#8221;{}&#8221;][et_pb_text module_class=&#8221;pre-headline  et_pb_animation_bottom et-animated et-waypoint&#8221; _builder_version=&#8221;4.23&#8243; _module_preset=&#8221;default&#8221; global_colors_info=&#8221;{}&#8221;]<\/p>\n<p>Materials<\/p>\n<p>[\/et_pb_text][et_pb_text module_class=&#8221;et_pb_animation_bottom et-animated et-waypoint&#8221; _builder_version=&#8221;4.23&#8243; _module_preset=&#8221;default&#8221; global_colors_info=&#8221;{}&#8221;]In our range of recycled materials, we offer PP\/PE, ABS, PC, PC\/ABS, and PA6, among others.<br \/>\nDo you have a product that you would like to be produced with recycled materials? We offer various solutions and can determine the actual reduction in environmental impact.[\/et_pb_text][\/et_pb_column][et_pb_column type=&#8221;1_3&#8243; _builder_version=&#8221;4.23&#8243; _module_preset=&#8221;default&#8221; global_colors_info=&#8221;{}&#8221;][et_pb_image src=&#8221;https:\/\/hammelplast.dk\/wp-content\/uploads\/2024\/10\/Hammel-plast-33.jpg&#8221; title_text=&#8221;Hammel plast-33&#8243; module_class=&#8221;border-radius et_pb_animation_bottom et-animated et-waypoint&#8221; _builder_version=&#8221;4.23&#8243; _module_preset=&#8221;default&#8221; global_colors_info=&#8221;{}&#8221;][\/et_pb_image][\/et_pb_column][et_pb_column type=&#8221;1_3&#8243; _builder_version=&#8221;4.23&#8243; _module_preset=&#8221;default&#8221; global_colors_info=&#8221;{}&#8221;][et_pb_text module_class=&#8221;pre-headline&#8221; _builder_version=&#8221;4.23&#8243; _module_preset=&#8221;default&#8221; global_colors_info=&#8221;{}&#8221;]<\/p>\n<p>Responsible solutions<\/p>\n<p>[\/et_pb_text][et_pb_text module_class=&#8221;et_pb_animation_bottom et-animated et-waypoint&#8221; _builder_version=&#8221;4.23&#8243; _module_preset=&#8221;default&#8221; global_colors_info=&#8221;{}&#8221;]We have been aware of the environmental challenges related to plastic production for years.<\/p>\n<p>That\u2019s why we have been focused on designing products that reduce raw material consumption and extend product lifespan &#8211; and we will continue to do so.[\/et_pb_text][et_pb_button button_url=&#8221;@ET-DC@eyJkeW5hbWljIjp0cnVlLCJjb250ZW50IjoicG9zdF9saW5rX3VybF9wYWdlIiwic2V0dGluZ3MiOnsicG9zdF9pZCI6IjEyIn19@&#8221; button_text=&#8221;Read more&#8221; module_class=&#8221;secondary-btn et_pb_animation_bottom et-animated et-waypoint&#8221; _builder_version=&#8221;4.23&#8243; _dynamic_attributes=&#8221;button_url&#8221; _module_preset=&#8221;default&#8221; global_colors_info=&#8221;{}&#8221;][\/et_pb_button][\/et_pb_column][\/et_pb_row][\/et_pb_section][et_pb_section fb_built=&#8221;1&#8243; _builder_version=&#8221;4.23&#8243; _module_preset=&#8221;default&#8221; background_color=&#8221;#506ea2&#8243; saved_tabs=&#8221;all&#8221; global_colors_info=&#8221;{}&#8221;][et_pb_row _builder_version=&#8221;4.23&#8243; _module_preset=&#8221;default&#8221; global_colors_info=&#8221;{}&#8221;][et_pb_column type=&#8221;4_4&#8243; _builder_version=&#8221;4.23&#8243; _module_preset=&#8221;default&#8221; global_colors_info=&#8221;{}&#8221;][et_pb_portfolio fullwidth=&#8221;off&#8221; posts_number=&#8221;3&#8243; show_categories=&#8221;off&#8221; show_pagination=&#8221;off&#8221; _builder_version=&#8221;4.23&#8243; _module_preset=&#8221;default&#8221; global_colors_info=&#8221;{}&#8221;][\/et_pb_portfolio][\/et_pb_column][\/et_pb_row][\/et_pb_section]<\/p>\n","protected":false},"excerpt":{"rendered":"<p>We produce plastic components with respect for the environment &#8211; without compromising our high-quality standards.We take our responsibility towards the future seriously, and we are committed to always prioritizing environmental considerations. Driven by curiosity for the future, we seek to collaborate with customers who bring new, innovative ideas. Together, we can achieve the extraordinary.We offerInjection [&hellip;]<\/p>\n","protected":false},"author":1,"featured_media":536,"parent":0,"menu_order":0,"comment_status":"closed","ping_status":"closed","template":"","meta":{"_et_pb_use_builder":"on","_et_pb_old_content":"<!-- wp:paragraph -->\r\n<p>Dette er en eksempelside. Den er forskellig fra et blogindl\u00e6g fordi at den vil forblive \u00e9t sted og vil dukke op i dit websteds navigation (i de fleste temaer). De fleste folk starter med en Om side der introducerer dem til potentielle bes\u00f8gende p\u00e5 webstedet. Der kunne for eksempel st\u00e5:<\/p>\r\n<!-- \/wp:paragraph -->\r\n\r\n<!-- wp:quote -->\r\n<blockquote class=\"wp-block-quote\"><p>Hej! Jeg er et cykelbud om dagen, aspirerende skuespiller om natten, og dette er mit websted. Jeg bor i Los Angeles, har en fantastisk hund der hedder Jack, og jeg elsker pi\u00f1a coladas. (Og at blive fanget i regnen.)<\/p><\/blockquote>\r\n<!-- \/wp:quote -->\r\n\r\n<!-- wp:paragraph -->\r\n<p>...eller noget i denne stil:<\/p>\r\n<!-- \/wp:paragraph -->\r\n\r\n<!-- wp:quote -->\r\n<blockquote class=\"wp-block-quote\"><p>Firmaet XYZ Dingenot blev grundlagt i 1971, og har siden da leveret kvalitetsdingenoter til offentligheden. XYZ er beliggende i Gotham City og besk\u00e6ftiger over 2.000 mennesker og g\u00f8r alle slags fantastiske ting for Gotham-samfundet.<\/p><\/blockquote>\r\n<!-- \/wp:quote -->\r\n\r\n<!-- wp:paragraph -->\r\n<p>Som ny WordPress-bruger b\u00f8r du g\u00e5 til <a href=\"https:\/\/hammelplast.dk\/wp-admin\/\">dit kontrolpanel<\/a> for at slette denne side og oprette nye sider til dit indhold. Hav det sjovt!<\/p>\r\n<!-- \/wp:paragraph -->","_et_gb_content_width":"","footnotes":""},"class_list":["post-65","page","type-page","status-publish","has-post-thumbnail","hentry"],"acf":[],"yoast_head":"<!-- This site is optimized with the Yoast SEO plugin v23.7 - https:\/\/yoast.com\/wordpress\/plugins\/seo\/ -->\n<title>Hammel Plast | The future of plastic production begins here<\/title>\n<meta name=\"description\" content=\"Welcome to Hammel Plast. We produce plastic components with respect for the environment \u2013without compromising our high-quality standards.\" \/>\n<meta name=\"robots\" content=\"index, follow, max-snippet:-1, max-image-preview:large, max-video-preview:-1\" \/>\n<link rel=\"canonical\" href=\"https:\/\/hammelplast.dk\/en\/\" \/>\n<meta property=\"og:locale\" content=\"en_US\" \/>\n<meta property=\"og:type\" content=\"article\" \/>\n<meta property=\"og:title\" content=\"Hammel Plast | The future of plastic production begins here\" \/>\n<meta property=\"og:description\" content=\"Welcome to Hammel Plast. We produce plastic components with respect for the environment \u2013without compromising our high-quality standards.\" \/>\n<meta property=\"og:url\" content=\"https:\/\/hammelplast.dk\/en\/\" \/>\n<meta property=\"og:site_name\" content=\"Hammel Plast\" \/>\n<meta property=\"article:modified_time\" content=\"2024-10-31T13:59:08+00:00\" \/>\n<meta property=\"og:image\" content=\"https:\/\/hammelplast.dk\/wp-content\/uploads\/2024\/10\/Hammel-plast-59-1.jpg\" \/>\n\t<meta property=\"og:image:width\" content=\"1549\" \/>\n\t<meta property=\"og:image:height\" content=\"1033\" \/>\n\t<meta property=\"og:image:type\" content=\"image\/jpeg\" \/>\n<meta name=\"twitter:card\" content=\"summary_large_image\" \/>\n<meta name=\"twitter:label1\" content=\"Est. reading time\" \/>\n\t<meta name=\"twitter:data1\" content=\"4 minutes\" \/>\n<script type=\"application\/ld+json\" class=\"yoast-schema-graph\">{\"@context\":\"https:\/\/schema.org\",\"@graph\":[{\"@type\":\"WebPage\",\"@id\":\"https:\/\/hammelplast.dk\/en\/\",\"url\":\"https:\/\/hammelplast.dk\/en\/\",\"name\":\"Hammel Plast | The future of plastic production begins here\",\"isPartOf\":{\"@id\":\"https:\/\/hammelplast.dk\/#website\"},\"primaryImageOfPage\":{\"@id\":\"https:\/\/hammelplast.dk\/en\/#primaryimage\"},\"image\":{\"@id\":\"https:\/\/hammelplast.dk\/en\/#primaryimage\"},\"thumbnailUrl\":\"https:\/\/hammelplast.dk\/wp-content\/uploads\/2024\/10\/Hammel-plast-59-1.jpg\",\"datePublished\":\"2023-11-30T13:37:27+00:00\",\"dateModified\":\"2024-10-31T13:59:08+00:00\",\"description\":\"Welcome to Hammel Plast. We produce plastic components with respect for the environment \u2013without compromising our high-quality standards.\",\"breadcrumb\":{\"@id\":\"https:\/\/hammelplast.dk\/en\/#breadcrumb\"},\"inLanguage\":\"en-US\",\"potentialAction\":[{\"@type\":\"ReadAction\",\"target\":[\"https:\/\/hammelplast.dk\/en\/\"]}]},{\"@type\":\"ImageObject\",\"inLanguage\":\"en-US\",\"@id\":\"https:\/\/hammelplast.dk\/en\/#primaryimage\",\"url\":\"https:\/\/hammelplast.dk\/wp-content\/uploads\/2024\/10\/Hammel-plast-59-1.jpg\",\"contentUrl\":\"https:\/\/hammelplast.dk\/wp-content\/uploads\/2024\/10\/Hammel-plast-59-1.jpg\",\"width\":1549,\"height\":1033},{\"@type\":\"BreadcrumbList\",\"@id\":\"https:\/\/hammelplast.dk\/en\/#breadcrumb\",\"itemListElement\":[{\"@type\":\"ListItem\",\"position\":1,\"name\":\"Hjem\",\"item\":\"https:\/\/hammelplast.dk\/en\/\"},{\"@type\":\"ListItem\",\"position\":2,\"name\":\"Hammel Plast\"}]},{\"@type\":\"WebSite\",\"@id\":\"https:\/\/hammelplast.dk\/#website\",\"url\":\"https:\/\/hammelplast.dk\/\",\"name\":\"Hammel Plast\",\"description\":\"Fremtidens plastproduktion starter her\",\"publisher\":{\"@id\":\"https:\/\/hammelplast.dk\/#organization\"},\"potentialAction\":[{\"@type\":\"SearchAction\",\"target\":{\"@type\":\"EntryPoint\",\"urlTemplate\":\"https:\/\/hammelplast.dk\/?s={search_term_string}\"},\"query-input\":{\"@type\":\"PropertyValueSpecification\",\"valueRequired\":true,\"valueName\":\"search_term_string\"}}],\"inLanguage\":\"en-US\"},{\"@type\":\"Organization\",\"@id\":\"https:\/\/hammelplast.dk\/#organization\",\"name\":\"Hammel Plast\",\"url\":\"https:\/\/hammelplast.dk\/\",\"logo\":{\"@type\":\"ImageObject\",\"inLanguage\":\"en-US\",\"@id\":\"https:\/\/hammelplast.dk\/#\/schema\/logo\/image\/\",\"url\":\"https:\/\/hammelplast.dk\/wp-content\/uploads\/2023\/11\/hammel-logo.png\",\"contentUrl\":\"https:\/\/hammelplast.dk\/wp-content\/uploads\/2023\/11\/hammel-logo.png\",\"width\":182,\"height\":74,\"caption\":\"Hammel Plast\"},\"image\":{\"@id\":\"https:\/\/hammelplast.dk\/#\/schema\/logo\/image\/\"}}]}<\/script>\n<!-- \/ Yoast SEO plugin. -->","yoast_head_json":{"title":"Hammel Plast | The future of plastic production begins here","description":"Welcome to Hammel Plast. We produce plastic components with respect for the environment \u2013without compromising our high-quality standards.","robots":{"index":"index","follow":"follow","max-snippet":"max-snippet:-1","max-image-preview":"max-image-preview:large","max-video-preview":"max-video-preview:-1"},"canonical":"https:\/\/hammelplast.dk\/en\/","og_locale":"en_US","og_type":"article","og_title":"Hammel Plast | The future of plastic production begins here","og_description":"Welcome to Hammel Plast. We produce plastic components with respect for the environment \u2013without compromising our high-quality standards.","og_url":"https:\/\/hammelplast.dk\/en\/","og_site_name":"Hammel Plast","article_modified_time":"2024-10-31T13:59:08+00:00","og_image":[{"width":1549,"height":1033,"url":"https:\/\/hammelplast.dk\/wp-content\/uploads\/2024\/10\/Hammel-plast-59-1.jpg","type":"image\/jpeg"}],"twitter_card":"summary_large_image","twitter_misc":{"Est. reading time":"4 minutes"},"schema":{"@context":"https:\/\/schema.org","@graph":[{"@type":"WebPage","@id":"https:\/\/hammelplast.dk\/en\/","url":"https:\/\/hammelplast.dk\/en\/","name":"Hammel Plast | The future of plastic production begins here","isPartOf":{"@id":"https:\/\/hammelplast.dk\/#website"},"primaryImageOfPage":{"@id":"https:\/\/hammelplast.dk\/en\/#primaryimage"},"image":{"@id":"https:\/\/hammelplast.dk\/en\/#primaryimage"},"thumbnailUrl":"https:\/\/hammelplast.dk\/wp-content\/uploads\/2024\/10\/Hammel-plast-59-1.jpg","datePublished":"2023-11-30T13:37:27+00:00","dateModified":"2024-10-31T13:59:08+00:00","description":"Welcome to Hammel Plast. We produce plastic components with respect for the environment \u2013without compromising our high-quality standards.","breadcrumb":{"@id":"https:\/\/hammelplast.dk\/en\/#breadcrumb"},"inLanguage":"en-US","potentialAction":[{"@type":"ReadAction","target":["https:\/\/hammelplast.dk\/en\/"]}]},{"@type":"ImageObject","inLanguage":"en-US","@id":"https:\/\/hammelplast.dk\/en\/#primaryimage","url":"https:\/\/hammelplast.dk\/wp-content\/uploads\/2024\/10\/Hammel-plast-59-1.jpg","contentUrl":"https:\/\/hammelplast.dk\/wp-content\/uploads\/2024\/10\/Hammel-plast-59-1.jpg","width":1549,"height":1033},{"@type":"BreadcrumbList","@id":"https:\/\/hammelplast.dk\/en\/#breadcrumb","itemListElement":[{"@type":"ListItem","position":1,"name":"Hjem","item":"https:\/\/hammelplast.dk\/en\/"},{"@type":"ListItem","position":2,"name":"Hammel Plast"}]},{"@type":"WebSite","@id":"https:\/\/hammelplast.dk\/#website","url":"https:\/\/hammelplast.dk\/","name":"Hammel Plast","description":"Fremtidens plastproduktion starter her","publisher":{"@id":"https:\/\/hammelplast.dk\/#organization"},"potentialAction":[{"@type":"SearchAction","target":{"@type":"EntryPoint","urlTemplate":"https:\/\/hammelplast.dk\/?s={search_term_string}"},"query-input":{"@type":"PropertyValueSpecification","valueRequired":true,"valueName":"search_term_string"}}],"inLanguage":"en-US"},{"@type":"Organization","@id":"https:\/\/hammelplast.dk\/#organization","name":"Hammel Plast","url":"https:\/\/hammelplast.dk\/","logo":{"@type":"ImageObject","inLanguage":"en-US","@id":"https:\/\/hammelplast.dk\/#\/schema\/logo\/image\/","url":"https:\/\/hammelplast.dk\/wp-content\/uploads\/2023\/11\/hammel-logo.png","contentUrl":"https:\/\/hammelplast.dk\/wp-content\/uploads\/2023\/11\/hammel-logo.png","width":182,"height":74,"caption":"Hammel Plast"},"image":{"@id":"https:\/\/hammelplast.dk\/#\/schema\/logo\/image\/"}}]}},"_links":{"self":[{"href":"https:\/\/hammelplast.dk\/en\/wp-json\/wp\/v2\/pages\/65","targetHints":{"allow":["GET"]}}],"collection":[{"href":"https:\/\/hammelplast.dk\/en\/wp-json\/wp\/v2\/pages"}],"about":[{"href":"https:\/\/hammelplast.dk\/en\/wp-json\/wp\/v2\/types\/page"}],"author":[{"embeddable":true,"href":"https:\/\/hammelplast.dk\/en\/wp-json\/wp\/v2\/users\/1"}],"replies":[{"embeddable":true,"href":"https:\/\/hammelplast.dk\/en\/wp-json\/wp\/v2\/comments?post=65"}],"version-history":[{"count":10,"href":"https:\/\/hammelplast.dk\/en\/wp-json\/wp\/v2\/pages\/65\/revisions"}],"predecessor-version":[{"id":655,"href":"https:\/\/hammelplast.dk\/en\/wp-json\/wp\/v2\/pages\/65\/revisions\/655"}],"wp:featuredmedia":[{"embeddable":true,"href":"https:\/\/hammelplast.dk\/en\/wp-json\/wp\/v2\/media\/536"}],"wp:attachment":[{"href":"https:\/\/hammelplast.dk\/en\/wp-json\/wp\/v2\/media?parent=65"}],"curies":[{"name":"wp","href":"https:\/\/api.w.org\/{rel}","templated":true}]}}